{"id":8,"date":"2009-07-02T19:00:04","date_gmt":"2009-07-02T22:00:04","guid":{"rendered":"http:\/\/ganaderiacontodos.com\/blog\/?page_id=2"},"modified":"2009-07-02T19:00:04","modified_gmt":"2009-07-02T22:00:04","slug":"informacion","status":"publish","type":"page","link":"http:\/\/ganaderiacontodos.com\/blog\/informacion\/","title":{"rendered":"Informaci\u00f3n"},"content":{"rendered":"<p><!-- [if gte mso 9]><xml> <w:WordDocument> <w:View>Normal<\/w:View> <w:Zoom>0<\/w:Zoom> <w:HyphenationZone>21<\/w:HyphenationZone> <w:PunctuationKerning \/> <w:ValidateAgainstSchemas \/> <w:SaveIfXMLInvalid>false<\/w:SaveIfXMLInvalid> <w:IgnoreMixedContent>false<\/w:IgnoreMixedContent> <w:AlwaysShowPlaceholderText>false<\/w:AlwaysShowPlaceholderText> <w:Compatibility> <w:BreakWrappedTables \/> <w:SnapToGridInCell \/> <w:WrapTextWithPunct \/> <w:UseAsianBreakRules \/> <w:DontGrowAutofit \/> <\/w:Compatibility> <w:BrowserLevel>MicrosoftInternetExplorer4<\/w:BrowserLevel> <\/w:WordDocument> <\/xml><![endif]--><!-- [if gte mso 9]><xml> <w:LatentStyles DefLockedState=\"false\" LatentStyleCount=\"156\"> <\/w:LatentStyles> <\/xml><![endif]--><\/p>\n<p><!-- [if gte mso 9]><xml> <w:WordDocument> <w:View>Normal<\/w:View> <w:Zoom>0<\/w:Zoom> <w:HyphenationZone>21<\/w:HyphenationZone> <w:PunctuationKerning \/> <w:ValidateAgainstSchemas \/> <w:SaveIfXMLInvalid>false<\/w:SaveIfXMLInvalid> <w:IgnoreMixedContent>false<\/w:IgnoreMixedContent> <w:AlwaysShowPlaceholderText>false<\/w:AlwaysShowPlaceholderText> <w:Compatibility> <w:BreakWrappedTables \/> <w:SnapToGridInCell \/> <w:WrapTextWithPunct \/> <w:UseAsianBreakRules \/> <w:DontGrowAutofit \/> <\/w:Compatibility> <w:BrowserLevel>MicrosoftInternetExplorer4<\/w:BrowserLevel> <\/w:WordDocument> <\/xml><![endif]--><!-- [if gte mso 9]><xml> <w:LatentStyles DefLockedState=\"false\" LatentStyleCount=\"156\"> <\/w:LatentStyles> <\/xml><![endif]--><!-- [if !mso]><span class=\"mceItemObject\"   classid=\"clsid:38481807-CA0E-42D2-BF39-B33AF135CC4D\" id=ieooui><\/span>\n<mce:style><!  st1:*{behavior:url(#ieooui) } --><\/p>\n<p><!--[endif]--><\/p>\n<p><!-- [if gte mso 10]>\n<mce:style><!   \/* Style Definitions *\/  table.MsoNormalTable \t{mso-style-name:\"Tabla normal\"; \tmso-tstyle-rowband-size:0; \tmso-tstyle-colband-size:0; \tmso-style-noshow:yes; \tmso-style-parent:\"\"; \tmso-padding-alt:0cm 5.4pt 0cm 5.4pt; \tmso-para-margin:0cm; \tmso-para-margin-bottom:.0001pt; \tmso-pagination:widow-orphan; \tfont-size:10.0pt; \tfont-family:\"Times New Roman\"; \tmso-ansi-language:#0400; \tmso-fareast-language:#0400; \tmso-bidi-language:#0400;} --><\/p>\n<p><!--[endif]--><\/p>\n<ul style=\"margin-top: 0cm;\" type=\"disc\">\n<li class=\"MsoNormal\"><span lang=\"ES\" style=\"font-family: Arial;\">Con un enfoque original y la activa participaci\u00f3n de los protagonistas, cada cap\u00edtulo de Ganader\u00eda con Todos expone un tema de inter\u00e9s no s\u00f3lo para el hombre de campo sino para el conjunto de la sociedad. Establece un punto de contacto semanal entre el productor y el consumidor. Coopera en la imprescindible tarea de integrar a todos los factores de la cadena de valor e incentiva la difusi\u00f3n del conocimiento.<\/span><\/li>\n<\/ul>\n<ul style=\"margin-top: 0cm;\" type=\"disc\">\n<li class=\"MsoNormal\"><span lang=\"ES\" style=\"font-family: Arial;\">La propuesta incluye informes period\u00edsticos y documentales realizados en escenarios naturales. El objetivo es comunicar experiencias registradas en establecimientos pecuarios, la agroindustria, universidades, centros de investigaci\u00f3n, entidades e instituciones p\u00fablicas y privadas y servicios vinculados con el sector agroalimentario.<\/span><\/li>\n<\/ul>\n<ul style=\"margin-top: 0cm;\" type=\"disc\">\n<li class=\"MsoNormal\"><span lang=\"ES\" style=\"font-family: Arial;\">Promueve el intercambio de experiencias sobre gen\u00e9tica, sanidad, nutrici\u00f3n, manejo, comercio nacional e internacional. Informa sobre exposiciones, congresos, jornadas y mercados. Difunde logros y nuevos emprendimientos educativos, culturales, cient\u00edficos, t\u00e9cnicos y productivos vinculados con la actividad pecuaria, los agroalimentos, la biotecnolog\u00eda y su relaci\u00f3n con la salud y la calidad de vida.<\/span><\/li>\n<\/ul>\n<ul style=\"margin-top: 0cm;\" type=\"disc\">\n<li class=\"MsoNormal\"><span lang=\"ES\" style=\"font-family: Arial;\">La mec\u00e1nica del programa consiste en ofrecer, con criterio did\u00e1ctico y ameno, testimonios e im\u00e1genes de inter\u00e9s para el productor y la comunidad rural en particular y la teleaudiencia, en general. La meta es divulgar y contribuir al fortalecimiento de los desarrollos productivos, su inserci\u00f3n y efectos en la sociedad y sus aportes al crecimiento de las distintas regiones y el pa\u00eds.<\/span><\/li>\n<\/ul>\n<p class=\"MsoNormal\"><span lang=\"ES\" style=\"font-family: Arial;\">Idea y Conducci\u00f3n: Antonio Monteagudo<\/span><\/p>\n<p class=\"MsoNormal\"><span lang=\"ES\" style=\"font-family: Arial;\">PERES-MONTEAGUDO S.A.<\/span><\/p>\n<p class=\"MsoNormal\"><span lang=\"ES\" style=\"font-family: Arial;\"><a href=\"mailto:monteagudoantonio@gmail.com\" target=\"_blank\">monteagudoantonio@gmail.com<\/a><\/span><\/p>\n<p class=\"MsoNormal\"><strong><span lang=\"ES\" style=\"font-family: Arial;\">Ganader\u00eda con Todos ha obtenido numerosos premios, entre ellos los otorgados por la Asociaci\u00f3n Argentina de Televisi\u00f3n por Cable, Fund TV, C\u00edrculo Argentino de Periodistas Agrarios, Galena de Oro y Ra\u00edces.<\/span><\/strong><\/p>\n<p class=\"MsoNormal\"><strong><span lang=\"ES\" style=\"font-family: Arial;\"> Tales distinciones le fueron conferidas por los jurados en m\u00e9rito a la calidad de sus contenidos, el inter\u00e9s educativo de los mensajes y sus aportes a la divulgaci\u00f3n del conocimiento cient\u00edfico y t\u00e9cnico, y la promoci\u00f3n de los valores humanos.<\/span><\/strong><\/p>\n<p class=\"MsoNormal\"><span lang=\"ES\" style=\"font-family: Arial;\">DESDE 1997 EN LA PANTALLA DE CANAL RURAL<\/span><\/p>\n<p class=\"MsoNormal\"><span lang=\"ES\" style=\"font-family: Arial;\">Canal Rural cubre \u00edntegramente el territorio nacional y alcanza pr\u00e1cticamente a toda Latinoam\u00e9rica. Por tal raz\u00f3n, la tarea tambi\u00e9n se extiende m\u00e1s all\u00e1 de las fronteras argentinas, incluso con informes especiales generados en Am\u00e9rica del Norte y la Uni\u00f3n Europea, fomentando el intercambio y la apertura de nuevas alternativas de acuerdos y desarrollos conjuntos en otras latitudes<\/span><\/p>\n<p class=\"MsoNormal\" style=\"line-height: 150%;\"><span lang=\"ES\" style=\"font-family: Arial;\">Horarios para la Argentina<\/span><\/p>\n<p class=\"MsoNormal\" style=\"line-height: 150%;\"><span lang=\"ES\" style=\"font-family: Arial;\">Mi\u00e9rcoles 23 hs.\u00a0<\/span><\/p>\n<p class=\"MsoNormal\" style=\"line-height: 150%;\">Domingos 9:30 hs.<\/p>\n<p class=\"MsoNormal\" style=\"line-height: 150%;\">Martes 11:30 hs.<\/p>\n<p class=\"MsoNormal\" style=\"line-height: 150%;\">Jueves\u00a010:30 hs.<\/p>\n<p class=\"MsoNormal\" style=\"line-height: 150%;\"><span lang=\"ES\" style=\"font-family: Arial;\">Multicanal &#8211; Cablevisi\u00f3n &#8211; DirecTV \u2013 Telecentro \u2013 TeleRed y diversos sistemas de televisi\u00f3n por cable, con m\u00e1s de 1.800 canales en el pa\u00eds y Am\u00e9rica latina.<\/span><\/p>\n","protected":false},"excerpt":{"rendered":"<p>Con un enfoque original y la activa participaci\u00f3n de los protagonistas, cada cap\u00edtulo de Ganader\u00eda con Todos expone un tema de inter\u00e9s no s\u00f3lo para el hombre de campo sino para el conjunto de la sociedad. Establece un punto de &hellip; <a href=\"http:\/\/ganaderiacontodos.com\/blog\/informacion\/\">Continue reading <span class=\"meta-nav\">&rarr;<\/span><\/a><\/p>\n","protected":false},"author":1,"featured_media":0,"parent":0,"menu_order":0,"comment_status":"closed","ping_status":"closed","template":"","meta":{"footnotes":""},"class_list":["post-8","page","type-page","status-publish","hentry"],"_links":{"self":[{"href":"http:\/\/ganaderiacontodos.com\/blog\/wp-json\/wp\/v2\/pages\/8"}],"collection":[{"href":"http:\/\/ganaderiacontodos.com\/blog\/wp-json\/wp\/v2\/pages"}],"about":[{"href":"http:\/\/ganaderiacontodos.com\/blog\/wp-json\/wp\/v2\/types\/page"}],"author":[{"embeddable":true,"href":"http:\/\/ganaderiacontodos.com\/blog\/wp-json\/wp\/v2\/users\/1"}],"replies":[{"embeddable":true,"href":"http:\/\/ganaderiacontodos.com\/blog\/wp-json\/wp\/v2\/comments?post=8"}],"version-history":[{"count":0,"href":"http:\/\/ganaderiacontodos.com\/blog\/wp-json\/wp\/v2\/pages\/8\/revisions"}],"wp:attachment":[{"href":"http:\/\/ganaderiacontodos.com\/blog\/wp-json\/wp\/v2\/media?parent=8"}],"curies":[{"name":"wp","href":"https:\/\/api.w.org\/{rel}","templated":true}]}}